{"id":10,"date":"2019-02-19T21:41:20","date_gmt":"2019-02-20T00:41:20","guid":{"rendered":"http:\/\/lojafusao.provisorio.ws\/my-account\/"},"modified":"2019-06-27T15:47:18","modified_gmt":"2019-06-27T18:47:18","slug":"minha-conta","status":"publish","type":"page","link":"https:\/\/fusaoatelier.com.br\/en\/minha-conta\/","title":{"rendered":"My Account"},"content":{"rendered":"<div class=\"woocommerce\"><div class=\"woocommerce-notices-wrapper\"><\/div>\n\n<div class=\"u-columns col2-set\" id=\"customer_login\">\n\n\t<div class=\"u-column1 col-1\">\n\n\n\t\t<h2 data-no-translation=\"\" data-trp-gettext=\"\">Login<\/h2>\n\n\t\t<form class=\"woocommerce-form woocommerce-form-login login\" method=\"post\" novalidate action=\"\">\n\n\t\t\t\n\t\t\t<p class=\"woocommerce-form-row woocommerce-form-row--wide form-row form-row-wide\">\n\t\t\t\t<label for=\"username\">Username or email address&nbsp;<span class=\"required\" aria-hidden=\"true\">*<\/span><span class=\"screen-reader-text\" data-no-translation=\"\" data-trp-gettext=\"\">Required<\/span><\/label>\n\t\t\t\t<input type=\"text\" class=\"woocommerce-Input woocommerce-Input--text input-text\" name=\"username\" id=\"username\" autocomplete=\"username\" value=\"\" required aria-required=\"true\" \/>\t\t\t<\/p>\n\t\t\t<p class=\"woocommerce-form-row woocommerce-form-row--wide form-row form-row-wide\">\n\t\t\t\t<label for=\"password\">Password&nbsp;<span class=\"required\" aria-hidden=\"true\">*<\/span><span class=\"screen-reader-text\" data-no-translation=\"\" data-trp-gettext=\"\">Required<\/span><\/label>\n\t\t\t\t<input class=\"woocommerce-Input woocommerce-Input--text input-text\" type=\"password\" name=\"password\" id=\"password\" autocomplete=\"current-password\" required aria-required=\"true\" \/>\n\t\t\t<\/p>\n\n\t\t\t\n\t\t\t<p class=\"form-row\">\n\t\t\t\t<label class=\"woocommerce-form__label woocommerce-form__label-for-checkbox woocommerce-form-login__rememberme\">\n\t\t\t\t\t<input class=\"woocommerce-form__input woocommerce-form__input-checkbox\" name=\"rememberme\" type=\"checkbox\" id=\"rememberme\" value=\"forever\" \/> <span data-no-translation=\"\" data-trp-gettext=\"\">Remember me<\/span>\n\t\t\t\t<\/label>\n\t\t\t\t<input type=\"hidden\" id=\"woocommerce-login-nonce\" name=\"woocommerce-login-nonce\" value=\"33a35c556c\" \/><input type=\"hidden\" name=\"_wp_http_referer\" value=\"\/en\/wp-json\/wp\/v2\/pages\/10\" \/>\t\t\t\t<button type=\"submit\" class=\"woocommerce-button button woocommerce-form-login__submit\" name=\"login\" value=\"Log in\" data-no-translation=\"\" data-trp-gettext=\"\" data-no-translation-value=\"\">Log in<\/button>\n\t\t\t<\/p>\n\t\t\t<p class=\"woocommerce-LostPassword lost_password\">\n\t\t\t\t<a href=\"https:\/\/fusaoatelier.com.br\/en\/minha-conta\/lost-password\/\" data-no-translation=\"\" data-trp-gettext=\"\">Lost your password?<\/a>\n\t\t\t<\/p>\n\n\t\t\t\n\t\t<input type=\"hidden\" name=\"trp-form-language\" value=\"en\"\/><\/form>\n\n\n\t<\/div>\n\n\t<div class=\"u-column2 col-2\">\n\n\t\t<h2 data-no-translation=\"\" data-trp-gettext=\"\">Register<\/h2>\n\n\t\t<form method=\"post\" class=\"woocommerce-form woocommerce-form-register register\" action=\"\"  >\n\n\t\t\t\n\t\t\t\n\t\t\t<p class=\"woocommerce-form-row woocommerce-form-row--wide form-row form-row-wide\">\n\t\t\t\t<label for=\"reg_email\">Email address&nbsp;<span class=\"required\" aria-hidden=\"true\">*<\/span><span class=\"screen-reader-text\" data-no-translation=\"\" data-trp-gettext=\"\">Required<\/span><\/label>\n\t\t\t\t<input type=\"email\" class=\"woocommerce-Input woocommerce-Input--text input-text\" name=\"email\" id=\"reg_email\" autocomplete=\"email\" value=\"\" required aria-required=\"true\" \/>\t\t\t<\/p>\n\n\t\t\t\n\t\t\t\t<p data-no-translation=\"\" data-trp-gettext=\"\">A link to set a new password will be sent to your email address.<\/p>\n\n\t\t\t\n\t\t\t<wc-order-attribution-inputs><\/wc-order-attribution-inputs><div class=\"woocommerce-privacy-policy-text\"><p>Seu e-mail ser\u00e1 utilizado para processar suas compras, aprimorar sua experi\u00eancia neste site e outros fins descritos em nossa <a href=\"https:\/\/fusaoatelier.com.br\/en\/politica-de-privacidade\/\" class=\"woocommerce-privacy-policy-link\" target=\"_blank\" data-no-translation=\"\" data-trp-gettext=\"\">privacy policy<\/a>.<\/p>\n<\/div>\n\t\t\t<p class=\"woocommerce-form-row form-row\">\n\t\t\t\t<input type=\"hidden\" id=\"woocommerce-register-nonce\" name=\"woocommerce-register-nonce\" value=\"55c8ed557e\" \/><input type=\"hidden\" name=\"_wp_http_referer\" value=\"\/en\/wp-json\/wp\/v2\/pages\/10\" \/>\t\t\t\t<button type=\"submit\" class=\"woocommerce-Button woocommerce-button button woocommerce-form-register__submit\" name=\"register\" value=\"Register\" data-no-translation=\"\" data-trp-gettext=\"\" data-no-translation-value=\"\">Register<\/button>\n\t\t\t<\/p>\n\n\t\t\t<div class=\"wcfmmp_become_vendor_link\"><a href=\"https:\/\/fusaoatelier.com.br\/en\/cadastro-vendedor\/\">Become a Vendor<\/a><\/div>\n\t\t<input type=\"hidden\" name=\"trp-form-language\" value=\"en\"\/><\/form>\n\n\t<\/div>\n\n<\/div>\n\n<\/div>","protected":false},"excerpt":{"rendered":"","protected":false},"author":1,"featured_media":0,"parent":0,"menu_order":0,"comment_status":"closed","ping_status":"closed","template":"","meta":{"footnotes":""},"class_list":["post-10","page","type-page","status-publish","hentry"],"yoast_head":"<!-- This site is optimized with the Yoast SEO plugin v27.3 - https:\/\/yoast.com\/product\/yoast-seo-wordpress\/ -->\n<title>Log In | Fus\u00e3o Atelier | Brasil<\/title>\n<meta name=\"description\" content=\"Cadastre-se ou fa\u00e7a o Log in para poder comprar ou vender na loja Fus\u00e3o Atelier.\" \/>\n<meta name=\"robots\" content=\"noindex, nofollow\" \/>\n<meta property=\"og:locale\" content=\"en_US\" \/>\n<meta property=\"og:type\" content=\"article\" \/>\n<meta property=\"og:title\" content=\"Log In | Fus\u00e3o Atelier | Brasil\" \/>\n<meta property=\"og:description\" content=\"Cadastre-se ou fa\u00e7a o Log in para poder comprar ou vender na loja Fus\u00e3o Atelier.\" \/>\n<meta property=\"og:url\" content=\"https:\/\/fusaoatelier.com.br\/en\/minha-conta\/\" \/>\n<meta property=\"og:site_name\" content=\"Fus\u00e3o Atelier\" \/>\n<meta property=\"article:publisher\" content=\"http:\/\/www.facebook.com\/fusaoatelier\" \/>\n<meta property=\"article:modified_time\" content=\"2019-06-27T18:47:18+00:00\" \/>\n<meta property=\"og:image\" content=\"https:\/\/i0.wp.com\/fusaoatelier.com.br\/wp-content\/uploads\/2019\/06\/Logo-Fusa%CC%83o-Capa-FB.jpg?fit=820%2C312&ssl=1\" \/>\n\t<meta property=\"og:image:width\" content=\"820\" \/>\n\t<meta property=\"og:image:height\" content=\"312\" \/>\n\t<meta property=\"og:image:type\" content=\"image\/jpeg\" \/>\n<meta name=\"twitter:card\" content=\"summary_large_image\" \/>\n<script type=\"application\/ld+json\" class=\"yoast-schema-graph\">{\"@context\":\"https:\\\/\\\/schema.org\",\"@graph\":[{\"@type\":\"WebPage\",\"@id\":\"https:\\\/\\\/fusaoatelier.com.br\\\/minha-conta\\\/\",\"url\":\"https:\\\/\\\/fusaoatelier.com.br\\\/minha-conta\\\/\",\"name\":\"Log In | Fus\u00e3o Atelier | Brasil\",\"isPartOf\":{\"@id\":\"https:\\\/\\\/fusaoatelier.com.br\\\/#website\"},\"datePublished\":\"2019-02-20T00:41:20+00:00\",\"dateModified\":\"2019-06-27T18:47:18+00:00\",\"description\":\"Cadastre-se ou fa\u00e7a o Log in para poder comprar ou vender na loja Fus\u00e3o Atelier.\",\"breadcrumb\":{\"@id\":\"https:\\\/\\\/fusaoatelier.com.br\\\/minha-conta\\\/#breadcrumb\"},\"inLanguage\":\"en-US\",\"potentialAction\":[{\"@type\":\"ReadAction\",\"target\":[\"https:\\\/\\\/fusaoatelier.com.br\\\/minha-conta\\\/\"]}]},{\"@type\":\"BreadcrumbList\",\"@id\":\"https:\\\/\\\/fusaoatelier.com.br\\\/minha-conta\\\/#breadcrumb\",\"itemListElement\":[{\"@type\":\"ListItem\",\"position\":1,\"name\":\"In\u00edcio\",\"item\":\"https:\\\/\\\/fusaoatelier.com.br\\\/\"},{\"@type\":\"ListItem\",\"position\":2,\"name\":\"Minha Conta\"}]},{\"@type\":\"WebSite\",\"@id\":\"https:\\\/\\\/fusaoatelier.com.br\\\/#website\",\"url\":\"https:\\\/\\\/fusaoatelier.com.br\\\/\",\"name\":\"Fus\u00e3o Atelier\",\"description\":\"Escola de Joias\",\"publisher\":{\"@id\":\"https:\\\/\\\/fusaoatelier.com.br\\\/#organization\"},\"potentialAction\":[{\"@type\":\"SearchAction\",\"target\":{\"@type\":\"EntryPoint\",\"urlTemplate\":\"https:\\\/\\\/fusaoatelier.com.br\\\/?s={search_term_string}\"},\"query-input\":{\"@type\":\"PropertyValueSpecification\",\"valueRequired\":true,\"valueName\":\"search_term_string\"}}],\"inLanguage\":\"en-US\"},{\"@type\":\"Organization\",\"@id\":\"https:\\\/\\\/fusaoatelier.com.br\\\/#organization\",\"name\":\"Fus\u00e3o Atelier\",\"url\":\"https:\\\/\\\/fusaoatelier.com.br\\\/\",\"logo\":{\"@type\":\"ImageObject\",\"inLanguage\":\"en-US\",\"@id\":\"https:\\\/\\\/fusaoatelier.com.br\\\/#\\\/schema\\\/logo\\\/image\\\/\",\"url\":\"https:\\\/\\\/i0.wp.com\\\/fusaoatelier.com.br\\\/wp-content\\\/uploads\\\/2019\\\/02\\\/FUSA%CC%83O-ATELIER-LOGO-SITE.png?fit=633%2C150&ssl=1\",\"contentUrl\":\"https:\\\/\\\/i0.wp.com\\\/fusaoatelier.com.br\\\/wp-content\\\/uploads\\\/2019\\\/02\\\/FUSA%CC%83O-ATELIER-LOGO-SITE.png?fit=633%2C150&ssl=1\",\"width\":633,\"height\":150,\"caption\":\"Fus\u00e3o Atelier\"},\"image\":{\"@id\":\"https:\\\/\\\/fusaoatelier.com.br\\\/#\\\/schema\\\/logo\\\/image\\\/\"},\"sameAs\":[\"http:\\\/\\\/www.facebook.com\\\/fusaoatelier\",\"http:\\\/\\\/www.instagram.com\\\/renatachagasfusao\"]}]}<\/script>\n<!-- \/ Yoast SEO plugin. -->","yoast_head_json":{"title":"Log In | Fus\u00e3o Atelier | Brasil","description":"Cadastre-se ou fa\u00e7a o Log in para poder comprar ou vender na loja Fus\u00e3o Atelier.","robots":{"index":"noindex","follow":"nofollow"},"og_locale":"en_US","og_type":"article","og_title":"Log In | Fus\u00e3o Atelier | Brasil","og_description":"Cadastre-se ou fa\u00e7a o Log in para poder comprar ou vender na loja Fus\u00e3o Atelier.","og_url":"https:\/\/fusaoatelier.com.br\/en\/minha-conta\/","og_site_name":"Fus\u00e3o Atelier","article_publisher":"http:\/\/www.facebook.com\/fusaoatelier","article_modified_time":"2019-06-27T18:47:18+00:00","og_image":[{"width":820,"height":312,"url":"https:\/\/i0.wp.com\/fusaoatelier.com.br\/wp-content\/uploads\/2019\/06\/Logo-Fusa%CC%83o-Capa-FB.jpg?fit=820%2C312&ssl=1","type":"image\/jpeg"}],"twitter_card":"summary_large_image","schema":{"@context":"https:\/\/schema.org","@graph":[{"@type":"WebPage","@id":"https:\/\/fusaoatelier.com.br\/minha-conta\/","url":"https:\/\/fusaoatelier.com.br\/minha-conta\/","name":"Log In | Fus\u00e3o Atelier | Brasil","isPartOf":{"@id":"https:\/\/fusaoatelier.com.br\/#website"},"datePublished":"2019-02-20T00:41:20+00:00","dateModified":"2019-06-27T18:47:18+00:00","description":"Cadastre-se ou fa\u00e7a o Log in para poder comprar ou vender na loja Fus\u00e3o Atelier.","breadcrumb":{"@id":"https:\/\/fusaoatelier.com.br\/minha-conta\/#breadcrumb"},"inLanguage":"en-US","potentialAction":[{"@type":"ReadAction","target":["https:\/\/fusaoatelier.com.br\/minha-conta\/"]}]},{"@type":"BreadcrumbList","@id":"https:\/\/fusaoatelier.com.br\/minha-conta\/#breadcrumb","itemListElement":[{"@type":"ListItem","position":1,"name":"In\u00edcio","item":"https:\/\/fusaoatelier.com.br\/"},{"@type":"ListItem","position":2,"name":"Minha Conta"}]},{"@type":"WebSite","@id":"https:\/\/fusaoatelier.com.br\/#website","url":"https:\/\/fusaoatelier.com.br\/","name":"Fus\u00e3o Atelier","description":"Escola de Joias","publisher":{"@id":"https:\/\/fusaoatelier.com.br\/#organization"},"potentialAction":[{"@type":"SearchAction","target":{"@type":"EntryPoint","urlTemplate":"https:\/\/fusaoatelier.com.br\/?s={search_term_string}"},"query-input":{"@type":"PropertyValueSpecification","valueRequired":true,"valueName":"search_term_string"}}],"inLanguage":"en-US"},{"@type":"Organization","@id":"https:\/\/fusaoatelier.com.br\/#organization","name":"Fus\u00e3o Atelier","url":"https:\/\/fusaoatelier.com.br\/","logo":{"@type":"ImageObject","inLanguage":"en-US","@id":"https:\/\/fusaoatelier.com.br\/#\/schema\/logo\/image\/","url":"https:\/\/i0.wp.com\/fusaoatelier.com.br\/wp-content\/uploads\/2019\/02\/FUSA%CC%83O-ATELIER-LOGO-SITE.png?fit=633%2C150&ssl=1","contentUrl":"https:\/\/i0.wp.com\/fusaoatelier.com.br\/wp-content\/uploads\/2019\/02\/FUSA%CC%83O-ATELIER-LOGO-SITE.png?fit=633%2C150&ssl=1","width":633,"height":150,"caption":"Fus\u00e3o Atelier"},"image":{"@id":"https:\/\/fusaoatelier.com.br\/#\/schema\/logo\/image\/"},"sameAs":["http:\/\/www.facebook.com\/fusaoatelier","http:\/\/www.instagram.com\/renatachagasfusao"]}]}},"jetpack_sharing_enabled":true,"_links":{"self":[{"href":"https:\/\/fusaoatelier.com.br\/en\/wp-json\/wp\/v2\/pages\/10","targetHints":{"allow":["GET"]}}],"collection":[{"href":"https:\/\/fusaoatelier.com.br\/en\/wp-json\/wp\/v2\/pages"}],"about":[{"href":"https:\/\/fusaoatelier.com.br\/en\/wp-json\/wp\/v2\/types\/page"}],"author":[{"embeddable":true,"href":"https:\/\/fusaoatelier.com.br\/en\/wp-json\/wp\/v2\/users\/1"}],"replies":[{"embeddable":true,"href":"https:\/\/fusaoatelier.com.br\/en\/wp-json\/wp\/v2\/comments?post=10"}],"version-history":[{"count":1,"href":"https:\/\/fusaoatelier.com.br\/en\/wp-json\/wp\/v2\/pages\/10\/revisions"}],"predecessor-version":[{"id":2831,"href":"https:\/\/fusaoatelier.com.br\/en\/wp-json\/wp\/v2\/pages\/10\/revisions\/2831"}],"wp:attachment":[{"href":"https:\/\/fusaoatelier.com.br\/en\/wp-json\/wp\/v2\/media?parent=10"}],"curies":[{"name":"wp","href":"https:\/\/api.w.org\/{rel}","templated":true}]}}