{"id":8,"date":"2019-02-19T21:41:19","date_gmt":"2019-02-20T00:41:19","guid":{"rendered":"http:\/\/lojafusao.provisorio.ws\/cart\/"},"modified":"2019-06-27T15:45:47","modified_gmt":"2019-06-27T18:45:47","slug":"carrinho","status":"publish","type":"page","link":"https:\/\/fusaoatelier.com.br\/en\/carrinho\/","title":{"rendered":"My Cart"},"content":{"rendered":"<div class=\"woocommerce\"><div class=\"woocommerce-notices-wrapper\"><\/div><div class=\"wc-empty-cart-message\">\n\t<div class=\"cart-empty woocommerce-info\" role=\"status\">\n\t\tYour cart is currently empty.\t<\/div>\n<\/div>\t<p class=\"return-to-shop\">\n\t\t<a class=\"button wc-backward\" href=\"https:\/\/fusaoatelier.com.br\/en\/loja\/\">\n\t\t\tReturn to shop\t\t<\/a>\n\t<\/p>\n<\/div>","protected":false},"excerpt":{"rendered":"","protected":false},"author":1,"featured_media":0,"parent":0,"menu_order":0,"comment_status":"closed","ping_status":"closed","template":"","meta":{"footnotes":""},"class_list":["post-8","page","type-page","status-publish","hentry"],"yoast_head":"<!-- This site is optimized with the Yoast SEO plugin v27.3 - https:\/\/yoast.com\/product\/yoast-seo-wordpress\/ -->\n<title>Carrinho de Compras | Fus\u00e3o Atelier | Brasil<\/title>\n<meta name=\"description\" content=\"Pe\u00e7as adicionadas ao Carrinho de Compras da Loja Fus\u00e3o Atelier.\" \/>\n<meta name=\"robots\" content=\"noindex, nofollow\" \/>\n<meta property=\"og:locale\" content=\"en_US\" \/>\n<meta property=\"og:type\" content=\"article\" \/>\n<meta property=\"og:title\" content=\"Carrinho de Compras | Fus\u00e3o Atelier | Brasil\" \/>\n<meta property=\"og:description\" content=\"Pe\u00e7as adicionadas ao Carrinho de Compras da Loja Fus\u00e3o Atelier.\" \/>\n<meta property=\"og:url\" content=\"https:\/\/fusaoatelier.com.br\/en\/carrinho\/\" \/>\n<meta property=\"og:site_name\" content=\"Fus\u00e3o Atelier\" \/>\n<meta property=\"article:publisher\" content=\"http:\/\/www.facebook.com\/fusaoatelier\" \/>\n<meta property=\"article:modified_time\" content=\"2019-06-27T18:45:47+00:00\" \/>\n<meta property=\"og:image\" content=\"https:\/\/i0.wp.com\/fusaoatelier.com.br\/wp-content\/uploads\/2019\/06\/Logo-Fusa%CC%83o-Capa-FB.jpg?fit=820%2C312&ssl=1\" \/>\n\t<meta property=\"og:image:width\" content=\"820\" \/>\n\t<meta property=\"og:image:height\" content=\"312\" \/>\n\t<meta property=\"og:image:type\" content=\"image\/jpeg\" \/>\n<meta name=\"twitter:card\" content=\"summary_large_image\" \/>\n<script type=\"application\/ld+json\" class=\"yoast-schema-graph\">{\"@context\":\"https:\\\/\\\/schema.org\",\"@graph\":[{\"@type\":\"WebPage\",\"@id\":\"https:\\\/\\\/fusaoatelier.com.br\\\/carrinho\\\/\",\"url\":\"https:\\\/\\\/fusaoatelier.com.br\\\/carrinho\\\/\",\"name\":\"Carrinho de Compras | Fus\u00e3o Atelier | Brasil\",\"isPartOf\":{\"@id\":\"https:\\\/\\\/fusaoatelier.com.br\\\/#website\"},\"datePublished\":\"2019-02-20T00:41:19+00:00\",\"dateModified\":\"2019-06-27T18:45:47+00:00\",\"description\":\"Pe\u00e7as adicionadas ao Carrinho de Compras da Loja Fus\u00e3o Atelier.\",\"breadcrumb\":{\"@id\":\"https:\\\/\\\/fusaoatelier.com.br\\\/carrinho\\\/#breadcrumb\"},\"inLanguage\":\"en-US\",\"potentialAction\":[{\"@type\":\"ReadAction\",\"target\":[\"https:\\\/\\\/fusaoatelier.com.br\\\/carrinho\\\/\"]}]},{\"@type\":\"BreadcrumbList\",\"@id\":\"https:\\\/\\\/fusaoatelier.com.br\\\/carrinho\\\/#breadcrumb\",\"itemListElement\":[{\"@type\":\"ListItem\",\"position\":1,\"name\":\"In\u00edcio\",\"item\":\"https:\\\/\\\/fusaoatelier.com.br\\\/\"},{\"@type\":\"ListItem\",\"position\":2,\"name\":\"Carrinho\"}]},{\"@type\":\"WebSite\",\"@id\":\"https:\\\/\\\/fusaoatelier.com.br\\\/#website\",\"url\":\"https:\\\/\\\/fusaoatelier.com.br\\\/\",\"name\":\"Fus\u00e3o Atelier\",\"description\":\"Escola de Joias\",\"publisher\":{\"@id\":\"https:\\\/\\\/fusaoatelier.com.br\\\/#organization\"},\"potentialAction\":[{\"@type\":\"SearchAction\",\"target\":{\"@type\":\"EntryPoint\",\"urlTemplate\":\"https:\\\/\\\/fusaoatelier.com.br\\\/?s={search_term_string}\"},\"query-input\":{\"@type\":\"PropertyValueSpecification\",\"valueRequired\":true,\"valueName\":\"search_term_string\"}}],\"inLanguage\":\"en-US\"},{\"@type\":\"Organization\",\"@id\":\"https:\\\/\\\/fusaoatelier.com.br\\\/#organization\",\"name\":\"Fus\u00e3o Atelier\",\"url\":\"https:\\\/\\\/fusaoatelier.com.br\\\/\",\"logo\":{\"@type\":\"ImageObject\",\"inLanguage\":\"en-US\",\"@id\":\"https:\\\/\\\/fusaoatelier.com.br\\\/#\\\/schema\\\/logo\\\/image\\\/\",\"url\":\"https:\\\/\\\/i0.wp.com\\\/fusaoatelier.com.br\\\/wp-content\\\/uploads\\\/2019\\\/02\\\/FUSA%CC%83O-ATELIER-LOGO-SITE.png?fit=633%2C150&ssl=1\",\"contentUrl\":\"https:\\\/\\\/i0.wp.com\\\/fusaoatelier.com.br\\\/wp-content\\\/uploads\\\/2019\\\/02\\\/FUSA%CC%83O-ATELIER-LOGO-SITE.png?fit=633%2C150&ssl=1\",\"width\":633,\"height\":150,\"caption\":\"Fus\u00e3o Atelier\"},\"image\":{\"@id\":\"https:\\\/\\\/fusaoatelier.com.br\\\/#\\\/schema\\\/logo\\\/image\\\/\"},\"sameAs\":[\"http:\\\/\\\/www.facebook.com\\\/fusaoatelier\",\"http:\\\/\\\/www.instagram.com\\\/renatachagasfusao\"]}]}<\/script>\n<!-- \/ Yoast SEO plugin. -->","yoast_head_json":{"title":"Carrinho de Compras | Fus\u00e3o Atelier | Brasil","description":"Pe\u00e7as adicionadas ao Carrinho de Compras da Loja Fus\u00e3o Atelier.","robots":{"index":"noindex","follow":"nofollow"},"og_locale":"en_US","og_type":"article","og_title":"Carrinho de Compras | Fus\u00e3o Atelier | Brasil","og_description":"Pe\u00e7as adicionadas ao Carrinho de Compras da Loja Fus\u00e3o Atelier.","og_url":"https:\/\/fusaoatelier.com.br\/en\/carrinho\/","og_site_name":"Fus\u00e3o Atelier","article_publisher":"http:\/\/www.facebook.com\/fusaoatelier","article_modified_time":"2019-06-27T18:45:47+00:00","og_image":[{"width":820,"height":312,"url":"https:\/\/i0.wp.com\/fusaoatelier.com.br\/wp-content\/uploads\/2019\/06\/Logo-Fusa%CC%83o-Capa-FB.jpg?fit=820%2C312&ssl=1","type":"image\/jpeg"}],"twitter_card":"summary_large_image","schema":{"@context":"https:\/\/schema.org","@graph":[{"@type":"WebPage","@id":"https:\/\/fusaoatelier.com.br\/carrinho\/","url":"https:\/\/fusaoatelier.com.br\/carrinho\/","name":"Carrinho de Compras | Fus\u00e3o Atelier | Brasil","isPartOf":{"@id":"https:\/\/fusaoatelier.com.br\/#website"},"datePublished":"2019-02-20T00:41:19+00:00","dateModified":"2019-06-27T18:45:47+00:00","description":"Pe\u00e7as adicionadas ao Carrinho de Compras da Loja Fus\u00e3o Atelier.","breadcrumb":{"@id":"https:\/\/fusaoatelier.com.br\/carrinho\/#breadcrumb"},"inLanguage":"en-US","potentialAction":[{"@type":"ReadAction","target":["https:\/\/fusaoatelier.com.br\/carrinho\/"]}]},{"@type":"BreadcrumbList","@id":"https:\/\/fusaoatelier.com.br\/carrinho\/#breadcrumb","itemListElement":[{"@type":"ListItem","position":1,"name":"In\u00edcio","item":"https:\/\/fusaoatelier.com.br\/"},{"@type":"ListItem","position":2,"name":"Carrinho"}]},{"@type":"WebSite","@id":"https:\/\/fusaoatelier.com.br\/#website","url":"https:\/\/fusaoatelier.com.br\/","name":"Fus\u00e3o Atelier","description":"Escola de Joias","publisher":{"@id":"https:\/\/fusaoatelier.com.br\/#organization"},"potentialAction":[{"@type":"SearchAction","target":{"@type":"EntryPoint","urlTemplate":"https:\/\/fusaoatelier.com.br\/?s={search_term_string}"},"query-input":{"@type":"PropertyValueSpecification","valueRequired":true,"valueName":"search_term_string"}}],"inLanguage":"en-US"},{"@type":"Organization","@id":"https:\/\/fusaoatelier.com.br\/#organization","name":"Fus\u00e3o Atelier","url":"https:\/\/fusaoatelier.com.br\/","logo":{"@type":"ImageObject","inLanguage":"en-US","@id":"https:\/\/fusaoatelier.com.br\/#\/schema\/logo\/image\/","url":"https:\/\/i0.wp.com\/fusaoatelier.com.br\/wp-content\/uploads\/2019\/02\/FUSA%CC%83O-ATELIER-LOGO-SITE.png?fit=633%2C150&ssl=1","contentUrl":"https:\/\/i0.wp.com\/fusaoatelier.com.br\/wp-content\/uploads\/2019\/02\/FUSA%CC%83O-ATELIER-LOGO-SITE.png?fit=633%2C150&ssl=1","width":633,"height":150,"caption":"Fus\u00e3o Atelier"},"image":{"@id":"https:\/\/fusaoatelier.com.br\/#\/schema\/logo\/image\/"},"sameAs":["http:\/\/www.facebook.com\/fusaoatelier","http:\/\/www.instagram.com\/renatachagasfusao"]}]}},"jetpack_sharing_enabled":true,"_links":{"self":[{"href":"https:\/\/fusaoatelier.com.br\/en\/wp-json\/wp\/v2\/pages\/8","targetHints":{"allow":["GET"]}}],"collection":[{"href":"https:\/\/fusaoatelier.com.br\/en\/wp-json\/wp\/v2\/pages"}],"about":[{"href":"https:\/\/fusaoatelier.com.br\/en\/wp-json\/wp\/v2\/types\/page"}],"author":[{"embeddable":true,"href":"https:\/\/fusaoatelier.com.br\/en\/wp-json\/wp\/v2\/users\/1"}],"replies":[{"embeddable":true,"href":"https:\/\/fusaoatelier.com.br\/en\/wp-json\/wp\/v2\/comments?post=8"}],"version-history":[{"count":1,"href":"https:\/\/fusaoatelier.com.br\/en\/wp-json\/wp\/v2\/pages\/8\/revisions"}],"predecessor-version":[{"id":2829,"href":"https:\/\/fusaoatelier.com.br\/en\/wp-json\/wp\/v2\/pages\/8\/revisions\/2829"}],"wp:attachment":[{"href":"https:\/\/fusaoatelier.com.br\/en\/wp-json\/wp\/v2\/media?parent=8"}],"curies":[{"name":"wp","href":"https:\/\/api.w.org\/{rel}","templated":true}]}}