{"id":1929,"date":"2019-06-18T17:34:54","date_gmt":"2019-06-18T20:34:54","guid":{"rendered":"https:\/\/fusaoatelier.com.br\/?post_type=product&#038;p=1929"},"modified":"2020-01-23T20:58:26","modified_gmt":"2020-01-23T23:58:26","slug":"colar-alma-gemea","status":"publish","type":"product","link":"https:\/\/fusaoatelier.com.br\/en\/loja\/colar-alma-gemea\/","title":{"rendered":"Twin Soul Necklace"},"content":{"rendered":"<p>Colar de Ouro 18k, \u00c1gua Marinha e Morganita.<\/p>","protected":false},"excerpt":{"rendered":"<p>Colar de Ouro 18k, \u00c1gua Marinha e Morganita.<\/p>","protected":false},"featured_media":1930,"template":"","meta":[],"product_brand":[],"product_cat":[42],"product_tag":[90,43,91,89,40,47],"class_list":{"0":"post-1929","1":"product","2":"type-product","3":"status-publish","4":"has-post-thumbnail","6":"product_cat-colares","7":"product_tag-agua-marinha","8":"product_tag-colar","9":"product_tag-design","10":"product_tag-morganita","11":"product_tag-ouro-18k","12":"product_tag-ouro-amarelo","13":"pa_gema-agua-marinha","14":"pa_gema-morganita","15":"pa_metal-ouro-amarelo-18k","17":"first","18":"instock","19":"sold-individually","20":"shipping-taxable","21":"product-type-simple"},"yoast_head":"<!-- This site is optimized with the Yoast SEO plugin v27.3 - https:\/\/yoast.com\/product\/yoast-seo-wordpress\/ -->\n<title>Colar Alma G\u00eamea | Loja | Fus\u00e3o Atelier<\/title>\n<meta name=\"description\" content=\"Colar de Ouro 18k, \u00c1gua Marinha e Morganita, Designer Paula Curiacos.\" \/>\n<meta name=\"robots\" content=\"index, follow, max-snippet:-1, max-image-preview:large, max-video-preview:-1\" \/>\n<link rel=\"canonical\" href=\"https:\/\/fusaoatelier.com.br\/en\/loja\/colar-alma-gemea\/\" \/>\n<meta property=\"og:locale\" content=\"en_US\" \/>\n<meta property=\"og:type\" content=\"article\" \/>\n<meta property=\"og:title\" content=\"Colar Alma G\u00eamea | Loja | Fus\u00e3o Atelier\" \/>\n<meta property=\"og:description\" content=\"Colar de Ouro 18k, \u00c1gua Marinha e Morganita, Designer Paula Curiacos.\" \/>\n<meta property=\"og:url\" content=\"https:\/\/fusaoatelier.com.br\/en\/loja\/colar-alma-gemea\/\" \/>\n<meta property=\"og:site_name\" content=\"Fus\u00e3o Atelier\" \/>\n<meta property=\"article:publisher\" content=\"http:\/\/www.facebook.com\/fusaoatelier\" \/>\n<meta property=\"article:modified_time\" content=\"2020-01-23T23:58:26+00:00\" \/>\n<meta property=\"og:image\" content=\"https:\/\/i0.wp.com\/fusaoatelier.com.br\/wp-content\/uploads\/2019\/06\/1_PaulaCuriacos_R-562000_Colar-AlmaGemea-e1560891353630.jpg?fit=768%2C900&ssl=1\" \/>\n\t<meta property=\"og:image:width\" content=\"768\" \/>\n\t<meta property=\"og:image:height\" content=\"900\" \/>\n\t<meta property=\"og:image:type\" content=\"image\/jpeg\" \/>\n<meta name=\"twitter:card\" content=\"summary_large_image\" \/>\n<script type=\"application\/ld+json\" class=\"yoast-schema-graph\">{\"@context\":\"https:\\\/\\\/schema.org\",\"@graph\":[{\"@type\":\"WebPage\",\"@id\":\"https:\\\/\\\/fusaoatelier.com.br\\\/loja\\\/colar-alma-gemea\\\/\",\"url\":\"https:\\\/\\\/fusaoatelier.com.br\\\/loja\\\/colar-alma-gemea\\\/\",\"name\":\"Colar Alma G\u00eamea | Loja | Fus\u00e3o Atelier\",\"isPartOf\":{\"@id\":\"https:\\\/\\\/fusaoatelier.com.br\\\/#website\"},\"primaryImageOfPage\":{\"@id\":\"https:\\\/\\\/fusaoatelier.com.br\\\/loja\\\/colar-alma-gemea\\\/#primaryimage\"},\"image\":{\"@id\":\"https:\\\/\\\/fusaoatelier.com.br\\\/loja\\\/colar-alma-gemea\\\/#primaryimage\"},\"thumbnailUrl\":\"https:\\\/\\\/i0.wp.com\\\/fusaoatelier.com.br\\\/wp-content\\\/uploads\\\/2019\\\/06\\\/1_PaulaCuriacos_R-562000_Colar-AlmaGemea-e1560891353630.jpg?fit=768%2C900&ssl=1\",\"datePublished\":\"2019-06-18T20:34:54+00:00\",\"dateModified\":\"2020-01-23T23:58:26+00:00\",\"description\":\"Colar de Ouro 18k, \u00c1gua Marinha e Morganita, Designer Paula Curiacos.\",\"breadcrumb\":{\"@id\":\"https:\\\/\\\/fusaoatelier.com.br\\\/loja\\\/colar-alma-gemea\\\/#breadcrumb\"},\"inLanguage\":\"en-US\",\"potentialAction\":[{\"@type\":\"ReadAction\",\"target\":[\"https:\\\/\\\/fusaoatelier.com.br\\\/loja\\\/colar-alma-gemea\\\/\"]}]},{\"@type\":\"ImageObject\",\"inLanguage\":\"en-US\",\"@id\":\"https:\\\/\\\/fusaoatelier.com.br\\\/loja\\\/colar-alma-gemea\\\/#primaryimage\",\"url\":\"https:\\\/\\\/i0.wp.com\\\/fusaoatelier.com.br\\\/wp-content\\\/uploads\\\/2019\\\/06\\\/1_PaulaCuriacos_R-562000_Colar-AlmaGemea-e1560891353630.jpg?fit=768%2C900&ssl=1\",\"contentUrl\":\"https:\\\/\\\/i0.wp.com\\\/fusaoatelier.com.br\\\/wp-content\\\/uploads\\\/2019\\\/06\\\/1_PaulaCuriacos_R-562000_Colar-AlmaGemea-e1560891353630.jpg?fit=768%2C900&ssl=1\",\"width\":768,\"height\":900,\"caption\":\"Colar de Ouro 18 Kilates, \u00c1gua Marinha e Morganita, Designer Paula Curiacos.\"},{\"@type\":\"BreadcrumbList\",\"@id\":\"https:\\\/\\\/fusaoatelier.com.br\\\/loja\\\/colar-alma-gemea\\\/#breadcrumb\",\"itemListElement\":[{\"@type\":\"ListItem\",\"position\":1,\"name\":\"In\u00edcio\",\"item\":\"https:\\\/\\\/fusaoatelier.com.br\\\/\"},{\"@type\":\"ListItem\",\"position\":2,\"name\":\"Loja\",\"item\":\"https:\\\/\\\/fusaoatelier.com.br\\\/en\\\/loja\\\/\"},{\"@type\":\"ListItem\",\"position\":3,\"name\":\"Colar Alma G\u00eamea\"}]},{\"@type\":\"WebSite\",\"@id\":\"https:\\\/\\\/fusaoatelier.com.br\\\/#website\",\"url\":\"https:\\\/\\\/fusaoatelier.com.br\\\/\",\"name\":\"Fus\u00e3o Atelier\",\"description\":\"Escola de Joias\",\"publisher\":{\"@id\":\"https:\\\/\\\/fusaoatelier.com.br\\\/#organization\"},\"potentialAction\":[{\"@type\":\"SearchAction\",\"target\":{\"@type\":\"EntryPoint\",\"urlTemplate\":\"https:\\\/\\\/fusaoatelier.com.br\\\/?s={search_term_string}\"},\"query-input\":{\"@type\":\"PropertyValueSpecification\",\"valueRequired\":true,\"valueName\":\"search_term_string\"}}],\"inLanguage\":\"en-US\"},{\"@type\":\"Organization\",\"@id\":\"https:\\\/\\\/fusaoatelier.com.br\\\/#organization\",\"name\":\"Fus\u00e3o Atelier\",\"url\":\"https:\\\/\\\/fusaoatelier.com.br\\\/\",\"logo\":{\"@type\":\"ImageObject\",\"inLanguage\":\"en-US\",\"@id\":\"https:\\\/\\\/fusaoatelier.com.br\\\/#\\\/schema\\\/logo\\\/image\\\/\",\"url\":\"https:\\\/\\\/i0.wp.com\\\/fusaoatelier.com.br\\\/wp-content\\\/uploads\\\/2019\\\/02\\\/FUSA%CC%83O-ATELIER-LOGO-SITE.png?fit=633%2C150&ssl=1\",\"contentUrl\":\"https:\\\/\\\/i0.wp.com\\\/fusaoatelier.com.br\\\/wp-content\\\/uploads\\\/2019\\\/02\\\/FUSA%CC%83O-ATELIER-LOGO-SITE.png?fit=633%2C150&ssl=1\",\"width\":633,\"height\":150,\"caption\":\"Fus\u00e3o Atelier\"},\"image\":{\"@id\":\"https:\\\/\\\/fusaoatelier.com.br\\\/#\\\/schema\\\/logo\\\/image\\\/\"},\"sameAs\":[\"http:\\\/\\\/www.facebook.com\\\/fusaoatelier\",\"http:\\\/\\\/www.instagram.com\\\/renatachagasfusao\"]}]}<\/script>\n<!-- \/ Yoast SEO plugin. -->","yoast_head_json":{"title":"Colar Alma G\u00eamea | Loja | Fus\u00e3o Atelier","description":"Colar de Ouro 18k, \u00c1gua Marinha e Morganita, Designer Paula Curiacos.","robots":{"index":"index","follow":"follow","max-snippet":"max-snippet:-1","max-image-preview":"max-image-preview:large","max-video-preview":"max-video-preview:-1"},"canonical":"https:\/\/fusaoatelier.com.br\/en\/loja\/colar-alma-gemea\/","og_locale":"en_US","og_type":"article","og_title":"Colar Alma G\u00eamea | Loja | Fus\u00e3o Atelier","og_description":"Colar de Ouro 18k, \u00c1gua Marinha e Morganita, Designer Paula Curiacos.","og_url":"https:\/\/fusaoatelier.com.br\/en\/loja\/colar-alma-gemea\/","og_site_name":"Fus\u00e3o Atelier","article_publisher":"http:\/\/www.facebook.com\/fusaoatelier","article_modified_time":"2020-01-23T23:58:26+00:00","og_image":[{"width":768,"height":900,"url":"https:\/\/i0.wp.com\/fusaoatelier.com.br\/wp-content\/uploads\/2019\/06\/1_PaulaCuriacos_R-562000_Colar-AlmaGemea-e1560891353630.jpg?fit=768%2C900&ssl=1","type":"image\/jpeg"}],"twitter_card":"summary_large_image","schema":{"@context":"https:\/\/schema.org","@graph":[{"@type":"WebPage","@id":"https:\/\/fusaoatelier.com.br\/loja\/colar-alma-gemea\/","url":"https:\/\/fusaoatelier.com.br\/loja\/colar-alma-gemea\/","name":"Colar Alma G\u00eamea | Loja | Fus\u00e3o Atelier","isPartOf":{"@id":"https:\/\/fusaoatelier.com.br\/#website"},"primaryImageOfPage":{"@id":"https:\/\/fusaoatelier.com.br\/loja\/colar-alma-gemea\/#primaryimage"},"image":{"@id":"https:\/\/fusaoatelier.com.br\/loja\/colar-alma-gemea\/#primaryimage"},"thumbnailUrl":"https:\/\/i0.wp.com\/fusaoatelier.com.br\/wp-content\/uploads\/2019\/06\/1_PaulaCuriacos_R-562000_Colar-AlmaGemea-e1560891353630.jpg?fit=768%2C900&ssl=1","datePublished":"2019-06-18T20:34:54+00:00","dateModified":"2020-01-23T23:58:26+00:00","description":"Colar de Ouro 18k, \u00c1gua Marinha e Morganita, Designer Paula Curiacos.","breadcrumb":{"@id":"https:\/\/fusaoatelier.com.br\/loja\/colar-alma-gemea\/#breadcrumb"},"inLanguage":"en-US","potentialAction":[{"@type":"ReadAction","target":["https:\/\/fusaoatelier.com.br\/loja\/colar-alma-gemea\/"]}]},{"@type":"ImageObject","inLanguage":"en-US","@id":"https:\/\/fusaoatelier.com.br\/loja\/colar-alma-gemea\/#primaryimage","url":"https:\/\/i0.wp.com\/fusaoatelier.com.br\/wp-content\/uploads\/2019\/06\/1_PaulaCuriacos_R-562000_Colar-AlmaGemea-e1560891353630.jpg?fit=768%2C900&ssl=1","contentUrl":"https:\/\/i0.wp.com\/fusaoatelier.com.br\/wp-content\/uploads\/2019\/06\/1_PaulaCuriacos_R-562000_Colar-AlmaGemea-e1560891353630.jpg?fit=768%2C900&ssl=1","width":768,"height":900,"caption":"Colar de Ouro 18 Kilates, \u00c1gua Marinha e Morganita, Designer Paula Curiacos."},{"@type":"BreadcrumbList","@id":"https:\/\/fusaoatelier.com.br\/loja\/colar-alma-gemea\/#breadcrumb","itemListElement":[{"@type":"ListItem","position":1,"name":"In\u00edcio","item":"https:\/\/fusaoatelier.com.br\/"},{"@type":"ListItem","position":2,"name":"Loja","item":"https:\/\/fusaoatelier.com.br\/en\/loja\/"},{"@type":"ListItem","position":3,"name":"Colar Alma G\u00eamea"}]},{"@type":"WebSite","@id":"https:\/\/fusaoatelier.com.br\/#website","url":"https:\/\/fusaoatelier.com.br\/","name":"Fus\u00e3o Atelier","description":"Escola de Joias","publisher":{"@id":"https:\/\/fusaoatelier.com.br\/#organization"},"potentialAction":[{"@type":"SearchAction","target":{"@type":"EntryPoint","urlTemplate":"https:\/\/fusaoatelier.com.br\/?s={search_term_string}"},"query-input":{"@type":"PropertyValueSpecification","valueRequired":true,"valueName":"search_term_string"}}],"inLanguage":"en-US"},{"@type":"Organization","@id":"https:\/\/fusaoatelier.com.br\/#organization","name":"Fus\u00e3o Atelier","url":"https:\/\/fusaoatelier.com.br\/","logo":{"@type":"ImageObject","inLanguage":"en-US","@id":"https:\/\/fusaoatelier.com.br\/#\/schema\/logo\/image\/","url":"https:\/\/i0.wp.com\/fusaoatelier.com.br\/wp-content\/uploads\/2019\/02\/FUSA%CC%83O-ATELIER-LOGO-SITE.png?fit=633%2C150&ssl=1","contentUrl":"https:\/\/i0.wp.com\/fusaoatelier.com.br\/wp-content\/uploads\/2019\/02\/FUSA%CC%83O-ATELIER-LOGO-SITE.png?fit=633%2C150&ssl=1","width":633,"height":150,"caption":"Fus\u00e3o Atelier"},"image":{"@id":"https:\/\/fusaoatelier.com.br\/#\/schema\/logo\/image\/"},"sameAs":["http:\/\/www.facebook.com\/fusaoatelier","http:\/\/www.instagram.com\/renatachagasfusao"]}]}},"jetpack_sharing_enabled":true,"_links":{"self":[{"href":"https:\/\/fusaoatelier.com.br\/en\/wp-json\/wp\/v2\/product\/1929","targetHints":{"allow":["GET"]}}],"collection":[{"href":"https:\/\/fusaoatelier.com.br\/en\/wp-json\/wp\/v2\/product"}],"about":[{"href":"https:\/\/fusaoatelier.com.br\/en\/wp-json\/wp\/v2\/types\/product"}],"version-history":[{"count":2,"href":"https:\/\/fusaoatelier.com.br\/en\/wp-json\/wp\/v2\/product\/1929\/revisions"}],"predecessor-version":[{"id":12920,"href":"https:\/\/fusaoatelier.com.br\/en\/wp-json\/wp\/v2\/product\/1929\/revisions\/12920"}],"wp:featuredmedia":[{"embeddable":true,"href":"https:\/\/fusaoatelier.com.br\/en\/wp-json\/wp\/v2\/media\/1930"}],"wp:attachment":[{"href":"https:\/\/fusaoatelier.com.br\/en\/wp-json\/wp\/v2\/media?parent=1929"}],"wp:term":[{"taxonomy":"product_brand","embeddable":true,"href":"https:\/\/fusaoatelier.com.br\/en\/wp-json\/wp\/v2\/product_brand?post=1929"},{"taxonomy":"product_cat","embeddable":true,"href":"https:\/\/fusaoatelier.com.br\/en\/wp-json\/wp\/v2\/product_cat?post=1929"},{"taxonomy":"product_tag","embeddable":true,"href":"https:\/\/fusaoatelier.com.br\/en\/wp-json\/wp\/v2\/product_tag?post=1929"}],"curies":[{"name":"wp","href":"https:\/\/api.w.org\/{rel}","templated":true}]}}