{"id":1937,"date":"2019-06-18T18:51:58","date_gmt":"2019-06-18T21:51:58","guid":{"rendered":"https:\/\/fusaoatelier.com.br\/?post_type=product&#038;p=1937"},"modified":"2020-01-23T20:57:47","modified_gmt":"2020-01-23T23:57:47","slug":"anel-solitario-o-amor-e-verde","status":"publish","type":"product","link":"https:\/\/fusaoatelier.com.br\/en\/loja\/anel-solitario-o-amor-e-verde\/","title":{"rendered":"\"Love is Green\" Solo Ring"},"content":{"rendered":"<p>Anel\u00a0 de Ouro 18k e Esmeralda.<\/p>","protected":false},"excerpt":{"rendered":"<p>Anel\u00a0 de Ouro 18k e Esmeralda.<\/p>","protected":false},"featured_media":4337,"template":"","meta":[],"product_brand":[],"product_cat":[45],"product_tag":[83,84,63,82,81,93,40,47,92],"class_list":{"0":"post-1937","1":"product","2":"type-product","3":"status-publish","4":"has-post-thumbnail","6":"product_cat-aneis","7":"product_tag-amor","8":"product_tag-amor-e-verde","9":"product_tag-anel","10":"product_tag-esmeralda","11":"product_tag-esmeraldas","12":"product_tag-gema","13":"product_tag-ouro-18k","14":"product_tag-ouro-amarelo","15":"product_tag-pedra-preciosa","16":"pa_gema-esmeralda","17":"pa_metal-ouro-amarelo-18k","19":"first","20":"instock","21":"sold-individually","22":"shipping-taxable","23":"product-type-simple"},"yoast_head":"<!-- This site is optimized with the Yoast SEO plugin v27.3 - https:\/\/yoast.com\/product\/yoast-seo-wordpress\/ -->\n<title>Anel Solit\u00e1rio: &quot;O Amor \u00e9 Verde&quot; | Loja | Fus\u00e3o Atelier<\/title>\n<meta name=\"description\" content=\"Anel\u00a0 de Ouro 18k e Esmeralda, Designer Paula Curiacos.\" \/>\n<meta name=\"robots\" content=\"index, follow, max-snippet:-1, max-image-preview:large, max-video-preview:-1\" \/>\n<link rel=\"canonical\" href=\"https:\/\/fusaoatelier.com.br\/en\/loja\/anel-solitario-o-amor-e-verde\/\" \/>\n<meta property=\"og:locale\" content=\"en_US\" \/>\n<meta property=\"og:type\" content=\"article\" \/>\n<meta property=\"og:title\" content=\"Anel Solit\u00e1rio: &quot;O Amor \u00e9 Verde&quot; | Loja | Fus\u00e3o Atelier\" \/>\n<meta property=\"og:description\" content=\"Anel\u00a0 de Ouro 18k e Esmeralda, Designer Paula Curiacos.\" \/>\n<meta property=\"og:url\" content=\"https:\/\/fusaoatelier.com.br\/en\/loja\/anel-solitario-o-amor-e-verde\/\" \/>\n<meta property=\"og:site_name\" content=\"Fus\u00e3o Atelier\" \/>\n<meta property=\"article:publisher\" content=\"http:\/\/www.facebook.com\/fusaoatelier\" \/>\n<meta property=\"article:modified_time\" content=\"2020-01-23T23:57:47+00:00\" \/>\n<meta property=\"og:image\" content=\"https:\/\/i0.wp.com\/fusaoatelier.com.br\/wp-content\/uploads\/2019\/06\/Paula-Jo\u0301ias_FOTO-01-anel.png?fit=906%2C906&ssl=1\" \/>\n\t<meta property=\"og:image:width\" content=\"906\" \/>\n\t<meta property=\"og:image:height\" content=\"906\" \/>\n\t<meta property=\"og:image:type\" content=\"image\/png\" \/>\n<meta name=\"twitter:card\" content=\"summary_large_image\" \/>\n<script type=\"application\/ld+json\" class=\"yoast-schema-graph\">{\"@context\":\"https:\\\/\\\/schema.org\",\"@graph\":[{\"@type\":\"WebPage\",\"@id\":\"https:\\\/\\\/fusaoatelier.com.br\\\/loja\\\/anel-solitario-o-amor-e-verde\\\/\",\"url\":\"https:\\\/\\\/fusaoatelier.com.br\\\/loja\\\/anel-solitario-o-amor-e-verde\\\/\",\"name\":\"Anel Solit\u00e1rio: \\\"O Amor \u00e9 Verde\\\" | Loja | Fus\u00e3o Atelier\",\"isPartOf\":{\"@id\":\"https:\\\/\\\/fusaoatelier.com.br\\\/#website\"},\"primaryImageOfPage\":{\"@id\":\"https:\\\/\\\/fusaoatelier.com.br\\\/loja\\\/anel-solitario-o-amor-e-verde\\\/#primaryimage\"},\"image\":{\"@id\":\"https:\\\/\\\/fusaoatelier.com.br\\\/loja\\\/anel-solitario-o-amor-e-verde\\\/#primaryimage\"},\"thumbnailUrl\":\"https:\\\/\\\/i0.wp.com\\\/fusaoatelier.com.br\\\/wp-content\\\/uploads\\\/2019\\\/06\\\/Paula-Jo%CC%81ias_FOTO-01-anel.png?fit=906%2C906&ssl=1\",\"datePublished\":\"2019-06-18T21:51:58+00:00\",\"dateModified\":\"2020-01-23T23:57:47+00:00\",\"description\":\"Anel\u00a0 de Ouro 18k e Esmeralda, Designer Paula Curiacos.\",\"breadcrumb\":{\"@id\":\"https:\\\/\\\/fusaoatelier.com.br\\\/loja\\\/anel-solitario-o-amor-e-verde\\\/#breadcrumb\"},\"inLanguage\":\"en-US\",\"potentialAction\":[{\"@type\":\"ReadAction\",\"target\":[\"https:\\\/\\\/fusaoatelier.com.br\\\/loja\\\/anel-solitario-o-amor-e-verde\\\/\"]}]},{\"@type\":\"ImageObject\",\"inLanguage\":\"en-US\",\"@id\":\"https:\\\/\\\/fusaoatelier.com.br\\\/loja\\\/anel-solitario-o-amor-e-verde\\\/#primaryimage\",\"url\":\"https:\\\/\\\/i0.wp.com\\\/fusaoatelier.com.br\\\/wp-content\\\/uploads\\\/2019\\\/06\\\/Paula-Jo%CC%81ias_FOTO-01-anel.png?fit=906%2C906&ssl=1\",\"contentUrl\":\"https:\\\/\\\/i0.wp.com\\\/fusaoatelier.com.br\\\/wp-content\\\/uploads\\\/2019\\\/06\\\/Paula-Jo%CC%81ias_FOTO-01-anel.png?fit=906%2C906&ssl=1\",\"width\":906,\"height\":906,\"caption\":\"Anel de Ouro 18K e Esmeralda, Designer Paula Curiacos.\"},{\"@type\":\"BreadcrumbList\",\"@id\":\"https:\\\/\\\/fusaoatelier.com.br\\\/loja\\\/anel-solitario-o-amor-e-verde\\\/#breadcrumb\",\"itemListElement\":[{\"@type\":\"ListItem\",\"position\":1,\"name\":\"In\u00edcio\",\"item\":\"https:\\\/\\\/fusaoatelier.com.br\\\/\"},{\"@type\":\"ListItem\",\"position\":2,\"name\":\"Loja\",\"item\":\"https:\\\/\\\/fusaoatelier.com.br\\\/en\\\/loja\\\/\"},{\"@type\":\"ListItem\",\"position\":3,\"name\":\"Anel Solit\u00e1rio: &#8220;O Amor \u00e9 Verde&#8221;\"}]},{\"@type\":\"WebSite\",\"@id\":\"https:\\\/\\\/fusaoatelier.com.br\\\/#website\",\"url\":\"https:\\\/\\\/fusaoatelier.com.br\\\/\",\"name\":\"Fus\u00e3o Atelier\",\"description\":\"Escola de Joias\",\"publisher\":{\"@id\":\"https:\\\/\\\/fusaoatelier.com.br\\\/#organization\"},\"potentialAction\":[{\"@type\":\"SearchAction\",\"target\":{\"@type\":\"EntryPoint\",\"urlTemplate\":\"https:\\\/\\\/fusaoatelier.com.br\\\/?s={search_term_string}\"},\"query-input\":{\"@type\":\"PropertyValueSpecification\",\"valueRequired\":true,\"valueName\":\"search_term_string\"}}],\"inLanguage\":\"en-US\"},{\"@type\":\"Organization\",\"@id\":\"https:\\\/\\\/fusaoatelier.com.br\\\/#organization\",\"name\":\"Fus\u00e3o Atelier\",\"url\":\"https:\\\/\\\/fusaoatelier.com.br\\\/\",\"logo\":{\"@type\":\"ImageObject\",\"inLanguage\":\"en-US\",\"@id\":\"https:\\\/\\\/fusaoatelier.com.br\\\/#\\\/schema\\\/logo\\\/image\\\/\",\"url\":\"https:\\\/\\\/i0.wp.com\\\/fusaoatelier.com.br\\\/wp-content\\\/uploads\\\/2019\\\/02\\\/FUSA%CC%83O-ATELIER-LOGO-SITE.png?fit=633%2C150&ssl=1\",\"contentUrl\":\"https:\\\/\\\/i0.wp.com\\\/fusaoatelier.com.br\\\/wp-content\\\/uploads\\\/2019\\\/02\\\/FUSA%CC%83O-ATELIER-LOGO-SITE.png?fit=633%2C150&ssl=1\",\"width\":633,\"height\":150,\"caption\":\"Fus\u00e3o Atelier\"},\"image\":{\"@id\":\"https:\\\/\\\/fusaoatelier.com.br\\\/#\\\/schema\\\/logo\\\/image\\\/\"},\"sameAs\":[\"http:\\\/\\\/www.facebook.com\\\/fusaoatelier\",\"http:\\\/\\\/www.instagram.com\\\/renatachagasfusao\"]}]}<\/script>\n<!-- \/ Yoast SEO plugin. -->","yoast_head_json":{"title":"Anel Solit\u00e1rio: \"O Amor \u00e9 Verde\" | Loja | Fus\u00e3o Atelier","description":"Anel\u00a0 de Ouro 18k e Esmeralda, Designer Paula Curiacos.","robots":{"index":"index","follow":"follow","max-snippet":"max-snippet:-1","max-image-preview":"max-image-preview:large","max-video-preview":"max-video-preview:-1"},"canonical":"https:\/\/fusaoatelier.com.br\/en\/loja\/anel-solitario-o-amor-e-verde\/","og_locale":"en_US","og_type":"article","og_title":"Anel Solit\u00e1rio: \"O Amor \u00e9 Verde\" | Loja | Fus\u00e3o Atelier","og_description":"Anel\u00a0 de Ouro 18k e Esmeralda, Designer Paula Curiacos.","og_url":"https:\/\/fusaoatelier.com.br\/en\/loja\/anel-solitario-o-amor-e-verde\/","og_site_name":"Fus\u00e3o Atelier","article_publisher":"http:\/\/www.facebook.com\/fusaoatelier","article_modified_time":"2020-01-23T23:57:47+00:00","og_image":[{"width":906,"height":906,"url":"https:\/\/i0.wp.com\/fusaoatelier.com.br\/wp-content\/uploads\/2019\/06\/Paula-Jo\u0301ias_FOTO-01-anel.png?fit=906%2C906&ssl=1","type":"image\/png"}],"twitter_card":"summary_large_image","schema":{"@context":"https:\/\/schema.org","@graph":[{"@type":"WebPage","@id":"https:\/\/fusaoatelier.com.br\/loja\/anel-solitario-o-amor-e-verde\/","url":"https:\/\/fusaoatelier.com.br\/loja\/anel-solitario-o-amor-e-verde\/","name":"Anel Solit\u00e1rio: \"O Amor \u00e9 Verde\" | Loja | Fus\u00e3o Atelier","isPartOf":{"@id":"https:\/\/fusaoatelier.com.br\/#website"},"primaryImageOfPage":{"@id":"https:\/\/fusaoatelier.com.br\/loja\/anel-solitario-o-amor-e-verde\/#primaryimage"},"image":{"@id":"https:\/\/fusaoatelier.com.br\/loja\/anel-solitario-o-amor-e-verde\/#primaryimage"},"thumbnailUrl":"https:\/\/i0.wp.com\/fusaoatelier.com.br\/wp-content\/uploads\/2019\/06\/Paula-Jo%CC%81ias_FOTO-01-anel.png?fit=906%2C906&ssl=1","datePublished":"2019-06-18T21:51:58+00:00","dateModified":"2020-01-23T23:57:47+00:00","description":"Anel\u00a0 de Ouro 18k e Esmeralda, Designer Paula Curiacos.","breadcrumb":{"@id":"https:\/\/fusaoatelier.com.br\/loja\/anel-solitario-o-amor-e-verde\/#breadcrumb"},"inLanguage":"en-US","potentialAction":[{"@type":"ReadAction","target":["https:\/\/fusaoatelier.com.br\/loja\/anel-solitario-o-amor-e-verde\/"]}]},{"@type":"ImageObject","inLanguage":"en-US","@id":"https:\/\/fusaoatelier.com.br\/loja\/anel-solitario-o-amor-e-verde\/#primaryimage","url":"https:\/\/i0.wp.com\/fusaoatelier.com.br\/wp-content\/uploads\/2019\/06\/Paula-Jo%CC%81ias_FOTO-01-anel.png?fit=906%2C906&ssl=1","contentUrl":"https:\/\/i0.wp.com\/fusaoatelier.com.br\/wp-content\/uploads\/2019\/06\/Paula-Jo%CC%81ias_FOTO-01-anel.png?fit=906%2C906&ssl=1","width":906,"height":906,"caption":"Anel de Ouro 18K e Esmeralda, Designer Paula Curiacos."},{"@type":"BreadcrumbList","@id":"https:\/\/fusaoatelier.com.br\/loja\/anel-solitario-o-amor-e-verde\/#breadcrumb","itemListElement":[{"@type":"ListItem","position":1,"name":"In\u00edcio","item":"https:\/\/fusaoatelier.com.br\/"},{"@type":"ListItem","position":2,"name":"Loja","item":"https:\/\/fusaoatelier.com.br\/en\/loja\/"},{"@type":"ListItem","position":3,"name":"Anel Solit\u00e1rio: &#8220;O Amor \u00e9 Verde&#8221;"}]},{"@type":"WebSite","@id":"https:\/\/fusaoatelier.com.br\/#website","url":"https:\/\/fusaoatelier.com.br\/","name":"Fus\u00e3o Atelier","description":"Escola de Joias","publisher":{"@id":"https:\/\/fusaoatelier.com.br\/#organization"},"potentialAction":[{"@type":"SearchAction","target":{"@type":"EntryPoint","urlTemplate":"https:\/\/fusaoatelier.com.br\/?s={search_term_string}"},"query-input":{"@type":"PropertyValueSpecification","valueRequired":true,"valueName":"search_term_string"}}],"inLanguage":"en-US"},{"@type":"Organization","@id":"https:\/\/fusaoatelier.com.br\/#organization","name":"Fus\u00e3o Atelier","url":"https:\/\/fusaoatelier.com.br\/","logo":{"@type":"ImageObject","inLanguage":"en-US","@id":"https:\/\/fusaoatelier.com.br\/#\/schema\/logo\/image\/","url":"https:\/\/i0.wp.com\/fusaoatelier.com.br\/wp-content\/uploads\/2019\/02\/FUSA%CC%83O-ATELIER-LOGO-SITE.png?fit=633%2C150&ssl=1","contentUrl":"https:\/\/i0.wp.com\/fusaoatelier.com.br\/wp-content\/uploads\/2019\/02\/FUSA%CC%83O-ATELIER-LOGO-SITE.png?fit=633%2C150&ssl=1","width":633,"height":150,"caption":"Fus\u00e3o Atelier"},"image":{"@id":"https:\/\/fusaoatelier.com.br\/#\/schema\/logo\/image\/"},"sameAs":["http:\/\/www.facebook.com\/fusaoatelier","http:\/\/www.instagram.com\/renatachagasfusao"]}]}},"jetpack_sharing_enabled":true,"_links":{"self":[{"href":"https:\/\/fusaoatelier.com.br\/en\/wp-json\/wp\/v2\/product\/1937","targetHints":{"allow":["GET"]}}],"collection":[{"href":"https:\/\/fusaoatelier.com.br\/en\/wp-json\/wp\/v2\/product"}],"about":[{"href":"https:\/\/fusaoatelier.com.br\/en\/wp-json\/wp\/v2\/types\/product"}],"version-history":[{"count":3,"href":"https:\/\/fusaoatelier.com.br\/en\/wp-json\/wp\/v2\/product\/1937\/revisions"}],"predecessor-version":[{"id":12919,"href":"https:\/\/fusaoatelier.com.br\/en\/wp-json\/wp\/v2\/product\/1937\/revisions\/12919"}],"wp:featuredmedia":[{"embeddable":true,"href":"https:\/\/fusaoatelier.com.br\/en\/wp-json\/wp\/v2\/media\/4337"}],"wp:attachment":[{"href":"https:\/\/fusaoatelier.com.br\/en\/wp-json\/wp\/v2\/media?parent=1937"}],"wp:term":[{"taxonomy":"product_brand","embeddable":true,"href":"https:\/\/fusaoatelier.com.br\/en\/wp-json\/wp\/v2\/product_brand?post=1937"},{"taxonomy":"product_cat","embeddable":true,"href":"https:\/\/fusaoatelier.com.br\/en\/wp-json\/wp\/v2\/product_cat?post=1937"},{"taxonomy":"product_tag","embeddable":true,"href":"https:\/\/fusaoatelier.com.br\/en\/wp-json\/wp\/v2\/product_tag?post=1937"}],"curies":[{"name":"wp","href":"https:\/\/api.w.org\/{rel}","templated":true}]}}