{"id":2644,"date":"2019-06-25T20:00:37","date_gmt":"2019-06-25T23:00:37","guid":{"rendered":"https:\/\/fusaoatelier.com.br\/loja\/earcuff-caterpillar-2\/"},"modified":"2020-01-23T20:55:48","modified_gmt":"2020-01-23T23:55:48","slug":"earcuff-caterpillar-2","status":"publish","type":"product","link":"https:\/\/fusaoatelier.com.br\/en\/loja\/earcuff-caterpillar-2\/","title":{"rendered":"Caterpillar Earcuff"},"content":{"rendered":"<p>Brincos de Turmalinas, Diamantes e Ouro Amarelo 18k.<\/p>\n<p>N\u00e3o possui tarraxa, o pino \u00e9 do tipo grampo que encaixa na orelha.<\/p>","protected":false},"excerpt":{"rendered":"<p>Brincos de Turmalinas, Diamantes e Ouro Amarelo 18k.<\/p>\n<p>N\u00e3o possui tarraxa, o pino \u00e9 do tipo grampo que encaixa na orelha.<\/p>","protected":false},"featured_media":2638,"template":"","meta":[],"product_brand":[],"product_cat":[46],"product_tag":[50,91,62,189,110,40,47,61],"class_list":{"0":"post-2644","1":"product","2":"type-product","3":"status-publish","4":"has-post-thumbnail","6":"product_cat-brincos","7":"product_tag-brinco","8":"product_tag-design","9":"product_tag-diamantes","10":"product_tag-earcuff","11":"product_tag-gemas-do-brasil","12":"product_tag-ouro-18k","13":"product_tag-ouro-amarelo","14":"product_tag-tumalina","15":"pa_gema-turmalina-rosa","16":"pa_gema-diamante","17":"pa_gema-turmalina","18":"pa_metal-ouro-amarelo-18k","20":"first","21":"instock","22":"sold-individually","23":"shipping-taxable","24":"product-type-simple"},"yoast_head":"<!-- This site is optimized with the Yoast SEO plugin v27.3 - https:\/\/yoast.com\/product\/yoast-seo-wordpress\/ -->\n<title>Brinco Earcuff Caterpillar | Loja | Fus\u00e3o Atelier<\/title>\n<meta name=\"description\" content=\"Brincos de Turmalinas, Diamantes e Ouro Amarelo 18k. N\u00e3o possui tarraxa, o pino \u00e9 do tipo grampo que encaixa na orelha, Designer Daniela Kury\" \/>\n<meta name=\"robots\" content=\"index, follow, max-snippet:-1, max-image-preview:large, max-video-preview:-1\" \/>\n<link rel=\"canonical\" href=\"https:\/\/fusaoatelier.com.br\/en\/loja\/earcuff-caterpillar-2\/\" \/>\n<meta property=\"og:locale\" content=\"en_US\" \/>\n<meta property=\"og:type\" content=\"article\" \/>\n<meta property=\"og:title\" content=\"Brinco Earcuff Caterpillar | Loja | Fus\u00e3o Atelier\" \/>\n<meta property=\"og:description\" content=\"Brincos de Turmalinas, Diamantes e Ouro Amarelo 18k. N\u00e3o possui tarraxa, o pino \u00e9 do tipo grampo que encaixa na orelha, Designer Daniela Kury\" \/>\n<meta property=\"og:url\" content=\"https:\/\/fusaoatelier.com.br\/en\/loja\/earcuff-caterpillar-2\/\" \/>\n<meta property=\"og:site_name\" content=\"Fus\u00e3o Atelier\" \/>\n<meta property=\"article:publisher\" content=\"http:\/\/www.facebook.com\/fusaoatelier\" \/>\n<meta property=\"article:modified_time\" content=\"2020-01-23T23:55:48+00:00\" \/>\n<meta property=\"og:image\" content=\"https:\/\/i0.wp.com\/fusaoatelier.com.br\/wp-content\/uploads\/2019\/06\/IMG_6588-e1561514958811.jpg?fit=900%2C805&ssl=1\" \/>\n\t<meta property=\"og:image:width\" content=\"900\" \/>\n\t<meta property=\"og:image:height\" content=\"805\" \/>\n\t<meta property=\"og:image:type\" content=\"image\/jpeg\" \/>\n<meta name=\"twitter:card\" content=\"summary_large_image\" \/>\n<script type=\"application\/ld+json\" class=\"yoast-schema-graph\">{\"@context\":\"https:\\\/\\\/schema.org\",\"@graph\":[{\"@type\":\"WebPage\",\"@id\":\"https:\\\/\\\/fusaoatelier.com.br\\\/loja\\\/earcuff-caterpillar-2\\\/\",\"url\":\"https:\\\/\\\/fusaoatelier.com.br\\\/loja\\\/earcuff-caterpillar-2\\\/\",\"name\":\"Brinco Earcuff Caterpillar | Loja | Fus\u00e3o Atelier\",\"isPartOf\":{\"@id\":\"https:\\\/\\\/fusaoatelier.com.br\\\/#website\"},\"primaryImageOfPage\":{\"@id\":\"https:\\\/\\\/fusaoatelier.com.br\\\/loja\\\/earcuff-caterpillar-2\\\/#primaryimage\"},\"image\":{\"@id\":\"https:\\\/\\\/fusaoatelier.com.br\\\/loja\\\/earcuff-caterpillar-2\\\/#primaryimage\"},\"thumbnailUrl\":\"https:\\\/\\\/i0.wp.com\\\/fusaoatelier.com.br\\\/wp-content\\\/uploads\\\/2019\\\/06\\\/IMG_6588-e1561514958811.jpg?fit=900%2C805&ssl=1\",\"datePublished\":\"2019-06-25T23:00:37+00:00\",\"dateModified\":\"2020-01-23T23:55:48+00:00\",\"description\":\"Brincos de Turmalinas, Diamantes e Ouro Amarelo 18k. N\u00e3o possui tarraxa, o pino \u00e9 do tipo grampo que encaixa na orelha, Designer Daniela Kury\",\"breadcrumb\":{\"@id\":\"https:\\\/\\\/fusaoatelier.com.br\\\/loja\\\/earcuff-caterpillar-2\\\/#breadcrumb\"},\"inLanguage\":\"en-US\",\"potentialAction\":[{\"@type\":\"ReadAction\",\"target\":[\"https:\\\/\\\/fusaoatelier.com.br\\\/loja\\\/earcuff-caterpillar-2\\\/\"]}]},{\"@type\":\"ImageObject\",\"inLanguage\":\"en-US\",\"@id\":\"https:\\\/\\\/fusaoatelier.com.br\\\/loja\\\/earcuff-caterpillar-2\\\/#primaryimage\",\"url\":\"https:\\\/\\\/i0.wp.com\\\/fusaoatelier.com.br\\\/wp-content\\\/uploads\\\/2019\\\/06\\\/IMG_6588-e1561514958811.jpg?fit=900%2C805&ssl=1\",\"contentUrl\":\"https:\\\/\\\/i0.wp.com\\\/fusaoatelier.com.br\\\/wp-content\\\/uploads\\\/2019\\\/06\\\/IMG_6588-e1561514958811.jpg?fit=900%2C805&ssl=1\",\"width\":900,\"height\":805,\"caption\":\"Brincos em Ouro amarelo 18k, Turmalinas e Diamantes, Designer Daniela Kury.\"},{\"@type\":\"BreadcrumbList\",\"@id\":\"https:\\\/\\\/fusaoatelier.com.br\\\/loja\\\/earcuff-caterpillar-2\\\/#breadcrumb\",\"itemListElement\":[{\"@type\":\"ListItem\",\"position\":1,\"name\":\"In\u00edcio\",\"item\":\"https:\\\/\\\/fusaoatelier.com.br\\\/\"},{\"@type\":\"ListItem\",\"position\":2,\"name\":\"Loja\",\"item\":\"https:\\\/\\\/fusaoatelier.com.br\\\/en\\\/loja\\\/\"},{\"@type\":\"ListItem\",\"position\":3,\"name\":\"Brinco Earcuff Caterpillar\"}]},{\"@type\":\"WebSite\",\"@id\":\"https:\\\/\\\/fusaoatelier.com.br\\\/#website\",\"url\":\"https:\\\/\\\/fusaoatelier.com.br\\\/\",\"name\":\"Fus\u00e3o Atelier\",\"description\":\"Escola de Joias\",\"publisher\":{\"@id\":\"https:\\\/\\\/fusaoatelier.com.br\\\/#organization\"},\"potentialAction\":[{\"@type\":\"SearchAction\",\"target\":{\"@type\":\"EntryPoint\",\"urlTemplate\":\"https:\\\/\\\/fusaoatelier.com.br\\\/?s={search_term_string}\"},\"query-input\":{\"@type\":\"PropertyValueSpecification\",\"valueRequired\":true,\"valueName\":\"search_term_string\"}}],\"inLanguage\":\"en-US\"},{\"@type\":\"Organization\",\"@id\":\"https:\\\/\\\/fusaoatelier.com.br\\\/#organization\",\"name\":\"Fus\u00e3o Atelier\",\"url\":\"https:\\\/\\\/fusaoatelier.com.br\\\/\",\"logo\":{\"@type\":\"ImageObject\",\"inLanguage\":\"en-US\",\"@id\":\"https:\\\/\\\/fusaoatelier.com.br\\\/#\\\/schema\\\/logo\\\/image\\\/\",\"url\":\"https:\\\/\\\/i0.wp.com\\\/fusaoatelier.com.br\\\/wp-content\\\/uploads\\\/2019\\\/02\\\/FUSA%CC%83O-ATELIER-LOGO-SITE.png?fit=633%2C150&ssl=1\",\"contentUrl\":\"https:\\\/\\\/i0.wp.com\\\/fusaoatelier.com.br\\\/wp-content\\\/uploads\\\/2019\\\/02\\\/FUSA%CC%83O-ATELIER-LOGO-SITE.png?fit=633%2C150&ssl=1\",\"width\":633,\"height\":150,\"caption\":\"Fus\u00e3o Atelier\"},\"image\":{\"@id\":\"https:\\\/\\\/fusaoatelier.com.br\\\/#\\\/schema\\\/logo\\\/image\\\/\"},\"sameAs\":[\"http:\\\/\\\/www.facebook.com\\\/fusaoatelier\",\"http:\\\/\\\/www.instagram.com\\\/renatachagasfusao\"]}]}<\/script>\n<!-- \/ Yoast SEO plugin. -->","yoast_head_json":{"title":"Brinco Earcuff Caterpillar | Loja | Fus\u00e3o Atelier","description":"Brincos de Turmalinas, Diamantes e Ouro Amarelo 18k. N\u00e3o possui tarraxa, o pino \u00e9 do tipo grampo que encaixa na orelha, Designer Daniela Kury","robots":{"index":"index","follow":"follow","max-snippet":"max-snippet:-1","max-image-preview":"max-image-preview:large","max-video-preview":"max-video-preview:-1"},"canonical":"https:\/\/fusaoatelier.com.br\/en\/loja\/earcuff-caterpillar-2\/","og_locale":"en_US","og_type":"article","og_title":"Brinco Earcuff Caterpillar | Loja | Fus\u00e3o Atelier","og_description":"Brincos de Turmalinas, Diamantes e Ouro Amarelo 18k. N\u00e3o possui tarraxa, o pino \u00e9 do tipo grampo que encaixa na orelha, Designer Daniela Kury","og_url":"https:\/\/fusaoatelier.com.br\/en\/loja\/earcuff-caterpillar-2\/","og_site_name":"Fus\u00e3o Atelier","article_publisher":"http:\/\/www.facebook.com\/fusaoatelier","article_modified_time":"2020-01-23T23:55:48+00:00","og_image":[{"width":900,"height":805,"url":"https:\/\/i0.wp.com\/fusaoatelier.com.br\/wp-content\/uploads\/2019\/06\/IMG_6588-e1561514958811.jpg?fit=900%2C805&ssl=1","type":"image\/jpeg"}],"twitter_card":"summary_large_image","schema":{"@context":"https:\/\/schema.org","@graph":[{"@type":"WebPage","@id":"https:\/\/fusaoatelier.com.br\/loja\/earcuff-caterpillar-2\/","url":"https:\/\/fusaoatelier.com.br\/loja\/earcuff-caterpillar-2\/","name":"Brinco Earcuff Caterpillar | Loja | Fus\u00e3o Atelier","isPartOf":{"@id":"https:\/\/fusaoatelier.com.br\/#website"},"primaryImageOfPage":{"@id":"https:\/\/fusaoatelier.com.br\/loja\/earcuff-caterpillar-2\/#primaryimage"},"image":{"@id":"https:\/\/fusaoatelier.com.br\/loja\/earcuff-caterpillar-2\/#primaryimage"},"thumbnailUrl":"https:\/\/i0.wp.com\/fusaoatelier.com.br\/wp-content\/uploads\/2019\/06\/IMG_6588-e1561514958811.jpg?fit=900%2C805&ssl=1","datePublished":"2019-06-25T23:00:37+00:00","dateModified":"2020-01-23T23:55:48+00:00","description":"Brincos de Turmalinas, Diamantes e Ouro Amarelo 18k. N\u00e3o possui tarraxa, o pino \u00e9 do tipo grampo que encaixa na orelha, Designer Daniela Kury","breadcrumb":{"@id":"https:\/\/fusaoatelier.com.br\/loja\/earcuff-caterpillar-2\/#breadcrumb"},"inLanguage":"en-US","potentialAction":[{"@type":"ReadAction","target":["https:\/\/fusaoatelier.com.br\/loja\/earcuff-caterpillar-2\/"]}]},{"@type":"ImageObject","inLanguage":"en-US","@id":"https:\/\/fusaoatelier.com.br\/loja\/earcuff-caterpillar-2\/#primaryimage","url":"https:\/\/i0.wp.com\/fusaoatelier.com.br\/wp-content\/uploads\/2019\/06\/IMG_6588-e1561514958811.jpg?fit=900%2C805&ssl=1","contentUrl":"https:\/\/i0.wp.com\/fusaoatelier.com.br\/wp-content\/uploads\/2019\/06\/IMG_6588-e1561514958811.jpg?fit=900%2C805&ssl=1","width":900,"height":805,"caption":"Brincos em Ouro amarelo 18k, Turmalinas e Diamantes, Designer Daniela Kury."},{"@type":"BreadcrumbList","@id":"https:\/\/fusaoatelier.com.br\/loja\/earcuff-caterpillar-2\/#breadcrumb","itemListElement":[{"@type":"ListItem","position":1,"name":"In\u00edcio","item":"https:\/\/fusaoatelier.com.br\/"},{"@type":"ListItem","position":2,"name":"Loja","item":"https:\/\/fusaoatelier.com.br\/en\/loja\/"},{"@type":"ListItem","position":3,"name":"Brinco Earcuff Caterpillar"}]},{"@type":"WebSite","@id":"https:\/\/fusaoatelier.com.br\/#website","url":"https:\/\/fusaoatelier.com.br\/","name":"Fus\u00e3o Atelier","description":"Escola de Joias","publisher":{"@id":"https:\/\/fusaoatelier.com.br\/#organization"},"potentialAction":[{"@type":"SearchAction","target":{"@type":"EntryPoint","urlTemplate":"https:\/\/fusaoatelier.com.br\/?s={search_term_string}"},"query-input":{"@type":"PropertyValueSpecification","valueRequired":true,"valueName":"search_term_string"}}],"inLanguage":"en-US"},{"@type":"Organization","@id":"https:\/\/fusaoatelier.com.br\/#organization","name":"Fus\u00e3o Atelier","url":"https:\/\/fusaoatelier.com.br\/","logo":{"@type":"ImageObject","inLanguage":"en-US","@id":"https:\/\/fusaoatelier.com.br\/#\/schema\/logo\/image\/","url":"https:\/\/i0.wp.com\/fusaoatelier.com.br\/wp-content\/uploads\/2019\/02\/FUSA%CC%83O-ATELIER-LOGO-SITE.png?fit=633%2C150&ssl=1","contentUrl":"https:\/\/i0.wp.com\/fusaoatelier.com.br\/wp-content\/uploads\/2019\/02\/FUSA%CC%83O-ATELIER-LOGO-SITE.png?fit=633%2C150&ssl=1","width":633,"height":150,"caption":"Fus\u00e3o Atelier"},"image":{"@id":"https:\/\/fusaoatelier.com.br\/#\/schema\/logo\/image\/"},"sameAs":["http:\/\/www.facebook.com\/fusaoatelier","http:\/\/www.instagram.com\/renatachagasfusao"]}]}},"jetpack_sharing_enabled":true,"_links":{"self":[{"href":"https:\/\/fusaoatelier.com.br\/en\/wp-json\/wp\/v2\/product\/2644","targetHints":{"allow":["GET"]}}],"collection":[{"href":"https:\/\/fusaoatelier.com.br\/en\/wp-json\/wp\/v2\/product"}],"about":[{"href":"https:\/\/fusaoatelier.com.br\/en\/wp-json\/wp\/v2\/types\/product"}],"version-history":[{"count":4,"href":"https:\/\/fusaoatelier.com.br\/en\/wp-json\/wp\/v2\/product\/2644\/revisions"}],"predecessor-version":[{"id":12916,"href":"https:\/\/fusaoatelier.com.br\/en\/wp-json\/wp\/v2\/product\/2644\/revisions\/12916"}],"wp:featuredmedia":[{"embeddable":true,"href":"https:\/\/fusaoatelier.com.br\/en\/wp-json\/wp\/v2\/media\/2638"}],"wp:attachment":[{"href":"https:\/\/fusaoatelier.com.br\/en\/wp-json\/wp\/v2\/media?parent=2644"}],"wp:term":[{"taxonomy":"product_brand","embeddable":true,"href":"https:\/\/fusaoatelier.com.br\/en\/wp-json\/wp\/v2\/product_brand?post=2644"},{"taxonomy":"product_cat","embeddable":true,"href":"https:\/\/fusaoatelier.com.br\/en\/wp-json\/wp\/v2\/product_cat?post=2644"},{"taxonomy":"product_tag","embeddable":true,"href":"https:\/\/fusaoatelier.com.br\/en\/wp-json\/wp\/v2\/product_tag?post=2644"}],"curies":[{"name":"wp","href":"https:\/\/api.w.org\/{rel}","templated":true}]}}