{"id":88,"date":"2019-02-20T09:05:15","date_gmt":"2019-02-20T12:05:15","guid":{"rendered":"http:\/\/lojafusao.provisorio.ws\/?post_type=product&#038;p=88"},"modified":"2020-01-23T21:02:57","modified_gmt":"2020-01-24T00:02:57","slug":"colar-coracao","status":"publish","type":"product","link":"https:\/\/fusaoatelier.com.br\/en\/loja\/colar-coracao\/","title":{"rendered":"Heart Necklace"},"content":{"rendered":"<p>Colar de Ouro Amarelo 18k e Turmalinas.<\/p>\n<p>Corrente elos de 40cm.<\/p>\n<p>Medida 3.5cm X 3cm ( AxL)<\/p>","protected":false},"excerpt":{"rendered":"<p>Colar de Ouro Amarelo 18k e Turmalinas.<\/p>","protected":false},"featured_media":89,"template":"","meta":[],"product_brand":[],"product_cat":[42],"product_tag":[43,66,110,101,40,47,92,108,39,44],"class_list":{"0":"post-88","1":"product","2":"type-product","3":"status-publish","4":"has-post-thumbnail","6":"product_cat-colares","7":"product_tag-colar","8":"product_tag-colar-coracao","9":"product_tag-gemas-do-brasil","10":"product_tag-joias","11":"product_tag-ouro-18k","12":"product_tag-ouro-amarelo","13":"product_tag-pedra-preciosa","14":"product_tag-pedras-brasileiras","15":"product_tag-turmalina-rosa","16":"product_tag-turmalinas","17":"pa_gema-turmalina-rosa","18":"pa_gema-turmalina","19":"pa_metal-ouro-amarelo-18k","21":"first","22":"instock","23":"sold-individually","24":"shipping-taxable","25":"product-type-simple"},"yoast_head":"<!-- This site is optimized with the Yoast SEO plugin v27.3 - https:\/\/yoast.com\/product\/yoast-seo-wordpress\/ -->\n<title>Colar Cora\u00e7\u00e3o | Loja | Fus\u00e3o Atelier<\/title>\n<meta name=\"description\" content=\"Colar de Ouro Amarelo 18k e Turmalinas, Designer Daniela Kury.\" \/>\n<meta name=\"robots\" content=\"index, follow, max-snippet:-1, max-image-preview:large, max-video-preview:-1\" \/>\n<link rel=\"canonical\" href=\"https:\/\/fusaoatelier.com.br\/en\/loja\/colar-coracao\/\" \/>\n<meta property=\"og:locale\" content=\"en_US\" \/>\n<meta property=\"og:type\" content=\"article\" \/>\n<meta property=\"og:title\" content=\"Colar Cora\u00e7\u00e3o | Loja | Fus\u00e3o Atelier\" \/>\n<meta property=\"og:description\" content=\"Colar de Ouro Amarelo 18k e Turmalinas, Designer Daniela Kury.\" \/>\n<meta property=\"og:url\" content=\"https:\/\/fusaoatelier.com.br\/en\/loja\/colar-coracao\/\" \/>\n<meta property=\"og:site_name\" content=\"Fus\u00e3o Atelier\" \/>\n<meta property=\"article:publisher\" content=\"http:\/\/www.facebook.com\/fusaoatelier\" \/>\n<meta property=\"article:modified_time\" content=\"2020-01-24T00:02:57+00:00\" \/>\n<meta property=\"og:image\" content=\"https:\/\/i0.wp.com\/fusaoatelier.com.br\/wp-content\/uploads\/2019\/02\/daniela-kury-dubai-alta-2-e1552377193542.jpg?fit=900%2C600&ssl=1\" \/>\n\t<meta property=\"og:image:width\" content=\"900\" \/>\n\t<meta property=\"og:image:height\" content=\"600\" \/>\n\t<meta property=\"og:image:type\" content=\"image\/jpeg\" \/>\n<meta name=\"twitter:card\" content=\"summary_large_image\" \/>\n<script type=\"application\/ld+json\" class=\"yoast-schema-graph\">{\"@context\":\"https:\\\/\\\/schema.org\",\"@graph\":[{\"@type\":\"WebPage\",\"@id\":\"https:\\\/\\\/fusaoatelier.com.br\\\/loja\\\/colar-coracao\\\/\",\"url\":\"https:\\\/\\\/fusaoatelier.com.br\\\/loja\\\/colar-coracao\\\/\",\"name\":\"Colar Cora\u00e7\u00e3o | Loja | Fus\u00e3o Atelier\",\"isPartOf\":{\"@id\":\"https:\\\/\\\/fusaoatelier.com.br\\\/#website\"},\"primaryImageOfPage\":{\"@id\":\"https:\\\/\\\/fusaoatelier.com.br\\\/loja\\\/colar-coracao\\\/#primaryimage\"},\"image\":{\"@id\":\"https:\\\/\\\/fusaoatelier.com.br\\\/loja\\\/colar-coracao\\\/#primaryimage\"},\"thumbnailUrl\":\"https:\\\/\\\/i0.wp.com\\\/fusaoatelier.com.br\\\/wp-content\\\/uploads\\\/2019\\\/02\\\/daniela-kury-dubai-alta-2-e1552377193542.jpg?fit=900%2C600&ssl=1\",\"datePublished\":\"2019-02-20T12:05:15+00:00\",\"dateModified\":\"2020-01-24T00:02:57+00:00\",\"description\":\"Colar de Ouro Amarelo 18k e Turmalinas, Designer Daniela Kury.\",\"breadcrumb\":{\"@id\":\"https:\\\/\\\/fusaoatelier.com.br\\\/loja\\\/colar-coracao\\\/#breadcrumb\"},\"inLanguage\":\"en-US\",\"potentialAction\":[{\"@type\":\"ReadAction\",\"target\":[\"https:\\\/\\\/fusaoatelier.com.br\\\/loja\\\/colar-coracao\\\/\"]}]},{\"@type\":\"ImageObject\",\"inLanguage\":\"en-US\",\"@id\":\"https:\\\/\\\/fusaoatelier.com.br\\\/loja\\\/colar-coracao\\\/#primaryimage\",\"url\":\"https:\\\/\\\/i0.wp.com\\\/fusaoatelier.com.br\\\/wp-content\\\/uploads\\\/2019\\\/02\\\/daniela-kury-dubai-alta-2-e1552377193542.jpg?fit=900%2C600&ssl=1\",\"contentUrl\":\"https:\\\/\\\/i0.wp.com\\\/fusaoatelier.com.br\\\/wp-content\\\/uploads\\\/2019\\\/02\\\/daniela-kury-dubai-alta-2-e1552377193542.jpg?fit=900%2C600&ssl=1\",\"width\":900,\"height\":600,\"caption\":\"Colar de Ouro Amarelo 18k e Turmalinas, Designer Daniela Kury.\"},{\"@type\":\"BreadcrumbList\",\"@id\":\"https:\\\/\\\/fusaoatelier.com.br\\\/loja\\\/colar-coracao\\\/#breadcrumb\",\"itemListElement\":[{\"@type\":\"ListItem\",\"position\":1,\"name\":\"In\u00edcio\",\"item\":\"https:\\\/\\\/fusaoatelier.com.br\\\/\"},{\"@type\":\"ListItem\",\"position\":2,\"name\":\"Loja\",\"item\":\"https:\\\/\\\/fusaoatelier.com.br\\\/en\\\/loja\\\/\"},{\"@type\":\"ListItem\",\"position\":3,\"name\":\"Colar Cora\u00e7\u00e3o\"}]},{\"@type\":\"WebSite\",\"@id\":\"https:\\\/\\\/fusaoatelier.com.br\\\/#website\",\"url\":\"https:\\\/\\\/fusaoatelier.com.br\\\/\",\"name\":\"Fus\u00e3o Atelier\",\"description\":\"Escola de Joias\",\"publisher\":{\"@id\":\"https:\\\/\\\/fusaoatelier.com.br\\\/#organization\"},\"potentialAction\":[{\"@type\":\"SearchAction\",\"target\":{\"@type\":\"EntryPoint\",\"urlTemplate\":\"https:\\\/\\\/fusaoatelier.com.br\\\/?s={search_term_string}\"},\"query-input\":{\"@type\":\"PropertyValueSpecification\",\"valueRequired\":true,\"valueName\":\"search_term_string\"}}],\"inLanguage\":\"en-US\"},{\"@type\":\"Organization\",\"@id\":\"https:\\\/\\\/fusaoatelier.com.br\\\/#organization\",\"name\":\"Fus\u00e3o Atelier\",\"url\":\"https:\\\/\\\/fusaoatelier.com.br\\\/\",\"logo\":{\"@type\":\"ImageObject\",\"inLanguage\":\"en-US\",\"@id\":\"https:\\\/\\\/fusaoatelier.com.br\\\/#\\\/schema\\\/logo\\\/image\\\/\",\"url\":\"https:\\\/\\\/i0.wp.com\\\/fusaoatelier.com.br\\\/wp-content\\\/uploads\\\/2019\\\/02\\\/FUSA%CC%83O-ATELIER-LOGO-SITE.png?fit=633%2C150&ssl=1\",\"contentUrl\":\"https:\\\/\\\/i0.wp.com\\\/fusaoatelier.com.br\\\/wp-content\\\/uploads\\\/2019\\\/02\\\/FUSA%CC%83O-ATELIER-LOGO-SITE.png?fit=633%2C150&ssl=1\",\"width\":633,\"height\":150,\"caption\":\"Fus\u00e3o Atelier\"},\"image\":{\"@id\":\"https:\\\/\\\/fusaoatelier.com.br\\\/#\\\/schema\\\/logo\\\/image\\\/\"},\"sameAs\":[\"http:\\\/\\\/www.facebook.com\\\/fusaoatelier\",\"http:\\\/\\\/www.instagram.com\\\/renatachagasfusao\"]}]}<\/script>\n<!-- \/ Yoast SEO plugin. -->","yoast_head_json":{"title":"Colar Cora\u00e7\u00e3o | Loja | Fus\u00e3o Atelier","description":"Colar de Ouro Amarelo 18k e Turmalinas, Designer Daniela Kury.","robots":{"index":"index","follow":"follow","max-snippet":"max-snippet:-1","max-image-preview":"max-image-preview:large","max-video-preview":"max-video-preview:-1"},"canonical":"https:\/\/fusaoatelier.com.br\/en\/loja\/colar-coracao\/","og_locale":"en_US","og_type":"article","og_title":"Colar Cora\u00e7\u00e3o | Loja | Fus\u00e3o Atelier","og_description":"Colar de Ouro Amarelo 18k e Turmalinas, Designer Daniela Kury.","og_url":"https:\/\/fusaoatelier.com.br\/en\/loja\/colar-coracao\/","og_site_name":"Fus\u00e3o Atelier","article_publisher":"http:\/\/www.facebook.com\/fusaoatelier","article_modified_time":"2020-01-24T00:02:57+00:00","og_image":[{"width":900,"height":600,"url":"https:\/\/i0.wp.com\/fusaoatelier.com.br\/wp-content\/uploads\/2019\/02\/daniela-kury-dubai-alta-2-e1552377193542.jpg?fit=900%2C600&ssl=1","type":"image\/jpeg"}],"twitter_card":"summary_large_image","schema":{"@context":"https:\/\/schema.org","@graph":[{"@type":"WebPage","@id":"https:\/\/fusaoatelier.com.br\/loja\/colar-coracao\/","url":"https:\/\/fusaoatelier.com.br\/loja\/colar-coracao\/","name":"Colar Cora\u00e7\u00e3o | Loja | Fus\u00e3o Atelier","isPartOf":{"@id":"https:\/\/fusaoatelier.com.br\/#website"},"primaryImageOfPage":{"@id":"https:\/\/fusaoatelier.com.br\/loja\/colar-coracao\/#primaryimage"},"image":{"@id":"https:\/\/fusaoatelier.com.br\/loja\/colar-coracao\/#primaryimage"},"thumbnailUrl":"https:\/\/i0.wp.com\/fusaoatelier.com.br\/wp-content\/uploads\/2019\/02\/daniela-kury-dubai-alta-2-e1552377193542.jpg?fit=900%2C600&ssl=1","datePublished":"2019-02-20T12:05:15+00:00","dateModified":"2020-01-24T00:02:57+00:00","description":"Colar de Ouro Amarelo 18k e Turmalinas, Designer Daniela Kury.","breadcrumb":{"@id":"https:\/\/fusaoatelier.com.br\/loja\/colar-coracao\/#breadcrumb"},"inLanguage":"en-US","potentialAction":[{"@type":"ReadAction","target":["https:\/\/fusaoatelier.com.br\/loja\/colar-coracao\/"]}]},{"@type":"ImageObject","inLanguage":"en-US","@id":"https:\/\/fusaoatelier.com.br\/loja\/colar-coracao\/#primaryimage","url":"https:\/\/i0.wp.com\/fusaoatelier.com.br\/wp-content\/uploads\/2019\/02\/daniela-kury-dubai-alta-2-e1552377193542.jpg?fit=900%2C600&ssl=1","contentUrl":"https:\/\/i0.wp.com\/fusaoatelier.com.br\/wp-content\/uploads\/2019\/02\/daniela-kury-dubai-alta-2-e1552377193542.jpg?fit=900%2C600&ssl=1","width":900,"height":600,"caption":"Colar de Ouro Amarelo 18k e Turmalinas, Designer Daniela Kury."},{"@type":"BreadcrumbList","@id":"https:\/\/fusaoatelier.com.br\/loja\/colar-coracao\/#breadcrumb","itemListElement":[{"@type":"ListItem","position":1,"name":"In\u00edcio","item":"https:\/\/fusaoatelier.com.br\/"},{"@type":"ListItem","position":2,"name":"Loja","item":"https:\/\/fusaoatelier.com.br\/en\/loja\/"},{"@type":"ListItem","position":3,"name":"Colar Cora\u00e7\u00e3o"}]},{"@type":"WebSite","@id":"https:\/\/fusaoatelier.com.br\/#website","url":"https:\/\/fusaoatelier.com.br\/","name":"Fus\u00e3o Atelier","description":"Escola de Joias","publisher":{"@id":"https:\/\/fusaoatelier.com.br\/#organization"},"potentialAction":[{"@type":"SearchAction","target":{"@type":"EntryPoint","urlTemplate":"https:\/\/fusaoatelier.com.br\/?s={search_term_string}"},"query-input":{"@type":"PropertyValueSpecification","valueRequired":true,"valueName":"search_term_string"}}],"inLanguage":"en-US"},{"@type":"Organization","@id":"https:\/\/fusaoatelier.com.br\/#organization","name":"Fus\u00e3o Atelier","url":"https:\/\/fusaoatelier.com.br\/","logo":{"@type":"ImageObject","inLanguage":"en-US","@id":"https:\/\/fusaoatelier.com.br\/#\/schema\/logo\/image\/","url":"https:\/\/i0.wp.com\/fusaoatelier.com.br\/wp-content\/uploads\/2019\/02\/FUSA%CC%83O-ATELIER-LOGO-SITE.png?fit=633%2C150&ssl=1","contentUrl":"https:\/\/i0.wp.com\/fusaoatelier.com.br\/wp-content\/uploads\/2019\/02\/FUSA%CC%83O-ATELIER-LOGO-SITE.png?fit=633%2C150&ssl=1","width":633,"height":150,"caption":"Fus\u00e3o Atelier"},"image":{"@id":"https:\/\/fusaoatelier.com.br\/#\/schema\/logo\/image\/"},"sameAs":["http:\/\/www.facebook.com\/fusaoatelier","http:\/\/www.instagram.com\/renatachagasfusao"]}]}},"jetpack_sharing_enabled":true,"_links":{"self":[{"href":"https:\/\/fusaoatelier.com.br\/en\/wp-json\/wp\/v2\/product\/88","targetHints":{"allow":["GET"]}}],"collection":[{"href":"https:\/\/fusaoatelier.com.br\/en\/wp-json\/wp\/v2\/product"}],"about":[{"href":"https:\/\/fusaoatelier.com.br\/en\/wp-json\/wp\/v2\/types\/product"}],"version-history":[{"count":4,"href":"https:\/\/fusaoatelier.com.br\/en\/wp-json\/wp\/v2\/product\/88\/revisions"}],"predecessor-version":[{"id":12927,"href":"https:\/\/fusaoatelier.com.br\/en\/wp-json\/wp\/v2\/product\/88\/revisions\/12927"}],"wp:featuredmedia":[{"embeddable":true,"href":"https:\/\/fusaoatelier.com.br\/en\/wp-json\/wp\/v2\/media\/89"}],"wp:attachment":[{"href":"https:\/\/fusaoatelier.com.br\/en\/wp-json\/wp\/v2\/media?parent=88"}],"wp:term":[{"taxonomy":"product_brand","embeddable":true,"href":"https:\/\/fusaoatelier.com.br\/en\/wp-json\/wp\/v2\/product_brand?post=88"},{"taxonomy":"product_cat","embeddable":true,"href":"https:\/\/fusaoatelier.com.br\/en\/wp-json\/wp\/v2\/product_cat?post=88"},{"taxonomy":"product_tag","embeddable":true,"href":"https:\/\/fusaoatelier.com.br\/en\/wp-json\/wp\/v2\/product_tag?post=88"}],"curies":[{"name":"wp","href":"https:\/\/api.w.org\/{rel}","templated":true}]}}